{"id":333,"date":"2022-11-28T11:36:39","date_gmt":"2022-11-28T14:36:39","guid":{"rendered":"https:\/\/cediunco.uncoma.edu.ar\/?page_id=333"},"modified":"2022-11-29T09:47:48","modified_gmt":"2022-11-29T12:47:48","slug":"quienes-somos","status":"publish","type":"page","link":"https:\/\/cediunco.uncoma.edu.ar\/index.php\/quienes-somos\/","title":{"rendered":"Quienes somos"},"content":{"rendered":"\t\t<div data-elementor-type=\"wp-page\" data-elementor-id=\"333\" class=\"elementor elementor-333\" data-elementor-post-type=\"page\">\n\t\t\t\t\t\t<section class=\"elementor-section elementor-top-section elementor-element elementor-element-acee087 elementor-section-boxed elementor-section-height-default elementor-section-height-default\" data-id=\"acee087\" data-element_type=\"section\" data-e-type=\"section\">\n\t\t\t\t\t\t<div class=\"elementor-container elementor-column-gap-default\">\n\t\t\t\t\t<div class=\"elementor-column elementor-col-100 elementor-top-column elementor-element elementor-element-195527a4\" data-id=\"195527a4\" data-element_type=\"column\" data-e-type=\"column\">\n\t\t\t<div class=\"elementor-widget-wrap elementor-element-populated\">\n\t\t\t\t\t\t<div class=\"elementor-element elementor-element-27688438 elementor-widget elementor-widget-text-editor\" data-id=\"27688438\" data-element_type=\"widget\" data-e-type=\"widget\" data-widget_type=\"text-editor.default\">\n\t\t\t\t<div class=\"elementor-widget-container\">\n\t\t\t\t\t\t\t\t\t<div class=\"elementor-element elementor-element-3b841ec elementor-widget elementor-widget-heading\" data-id=\"3b841ec\" data-element_type=\"widget\" data-widget_type=\"heading.default\">\r\n<p class=\"elementor-widget-container\"><span style=\"color: #000000; font-family: arial, helvetica, sans-serif;\">Somos<span style=\"font-size: 16px;\"> el Centro de Docentes e Investigadores\/as de la Universidad Nacional del Comahue (CEDIUNCO) y como espacio gremial nacimos en 2004, con el objetivo de <\/span>defender la educaci\u00f3n p\u00fablica <span style=\"font-size: 16px;\">y los\u00a0<\/span>derechos del colectivo docente.<\/span><\/p>\r\n\r\n<\/div>\r\n<div class=\"elementor-element elementor-element-995750f elementor-widget elementor-widget-text-editor\" data-id=\"995750f\" data-element_type=\"widget\" data-widget_type=\"text-editor.default\">\r\n<div class=\"elementor-widget-container\">\r\n<div class=\"elementor-text-editor elementor-clearfix\">\r\n\r\n<span style=\"color: #000000; font-family: arial, helvetica, sans-serif;\">Nuestras bases fundacionales se traducen en la <strong>construcci\u00f3n de una alternativa gremial<\/strong> con representaci\u00f3n genuina del colectivo docente, teniendo en cuenta la <strong>diversidad de ideas<\/strong> y la <strong>participaci\u00f3n democr\u00e1tica<\/strong>.<\/span>\r\n\r\n<span style=\"color: #000000; font-family: arial, helvetica, sans-serif;\">Asumimos un fuerte compromiso con la educaci\u00f3n p\u00fablica y en ese marco nos organizamos por la defensa y ampliaci\u00f3n de derechos, logrando <strong>mejores condiciones laborales salariales<\/strong> y de crecimiento profesional que apuntan a sostener la <strong>excelencia acad\u00e9mica<\/strong>.<\/span>\r\n\r\n<span style=\"color: #000000; font-family: arial, helvetica, sans-serif;\">En todo este tiempo, hemos consolidado este espacio gremial, con debates internos que nos han permitido transitar los procesos que ha atravesado y que atraviesa actualmente nuestra UNCO.<\/span>\r\n<div class=\"wp-block-columns has-2-columns\">\r\n<div class=\"wp-block-column\">\r\n\r\n&nbsp;\r\n\r\n&nbsp;\r\n\r\n<\/div>\r\n<\/div>\r\n<\/div>\r\n<\/div>\r\n<\/div>\t\t\t\t\t\t\t\t<\/div>\n\t\t\t\t<\/div>\n\t\t\t\t\t<\/div>\n\t\t<\/div>\n\t\t\t\t\t<\/div>\n\t\t<\/section>\n\t\t\t\t<\/div>\n\t\t","protected":false},"excerpt":{"rendered":"<p>Somos el Centro de Docentes e Investigadores\/as de la Universidad Nacional del Comahue (CEDIUNCO) y como espacio gremial nacimos en 2004, con el objetivo de defender la educaci\u00f3n p\u00fablica y los\u00a0derechos del colectivo docente. Nuestras bases fundacionales se traducen en la construcci\u00f3n de una alternativa gremial con representaci\u00f3n genuina del colectivo docente, teniendo en cuenta [&hellip;]<\/p>\n","protected":false},"author":3,"featured_media":94,"parent":0,"menu_order":0,"comment_status":"closed","ping_status":"closed","template":"","meta":{"footnotes":""},"class_list":["post-333","page","type-page","status-publish","has-post-thumbnail","hentry"],"_links":{"self":[{"href":"https:\/\/cediunco.uncoma.edu.ar\/index.php\/wp-json\/wp\/v2\/pages\/333","targetHints":{"allow":["GET"]}}],"collection":[{"href":"https:\/\/cediunco.uncoma.edu.ar\/index.php\/wp-json\/wp\/v2\/pages"}],"about":[{"href":"https:\/\/cediunco.uncoma.edu.ar\/index.php\/wp-json\/wp\/v2\/types\/page"}],"author":[{"embeddable":true,"href":"https:\/\/cediunco.uncoma.edu.ar\/index.php\/wp-json\/wp\/v2\/users\/3"}],"replies":[{"embeddable":true,"href":"https:\/\/cediunco.uncoma.edu.ar\/index.php\/wp-json\/wp\/v2\/comments?post=333"}],"version-history":[{"count":14,"href":"https:\/\/cediunco.uncoma.edu.ar\/index.php\/wp-json\/wp\/v2\/pages\/333\/revisions"}],"predecessor-version":[{"id":378,"href":"https:\/\/cediunco.uncoma.edu.ar\/index.php\/wp-json\/wp\/v2\/pages\/333\/revisions\/378"}],"wp:featuredmedia":[{"embeddable":true,"href":"https:\/\/cediunco.uncoma.edu.ar\/index.php\/wp-json\/wp\/v2\/media\/94"}],"wp:attachment":[{"href":"https:\/\/cediunco.uncoma.edu.ar\/index.php\/wp-json\/wp\/v2\/media?parent=333"}],"curies":[{"name":"wp","href":"https:\/\/api.w.org\/{rel}","templated":true}]}}