{"id":337,"date":"2022-11-28T11:37:10","date_gmt":"2022-11-28T14:37:10","guid":{"rendered":"https:\/\/cediunco.uncoma.edu.ar\/?page_id=337"},"modified":"2022-11-30T09:56:13","modified_gmt":"2022-11-30T12:56:13","slug":"fedun","status":"publish","type":"page","link":"https:\/\/cediunco.uncoma.edu.ar\/index.php\/fedun\/","title":{"rendered":"Federaci\u00f3n de Docentes de las Universidades (FEDUN)"},"content":{"rendered":"<p><br \/>\n<\/p>\n<div class=\"elementor-element elementor-element-669cd986 elementor-blockquote--skin-border elementor-blockquote--button-color-official elementor-widget elementor-widget-blockquote\" data-id=\"669cd986\" data-element_type=\"widget\" data-widget_type=\"blockquote.default\">\n<div class=\"elementor-widget-container\">\n<p><span style=\"color: #000000;\"><span style=\"font-size: 16px;\">En 2005, ante la necesidad de formar un nuevo espacio gremial que representara a los trabajadores docentes de todas las universidades p\u00fablicas, se crea la Federaci\u00f3n de Docentes de las Universidades (FEDUN), con el objetivo central de <\/span><b style=\"font-size: 16px;\">defender los derechos de los trabajadores docentes universitarios, sus salarios y la universidad p\u00fablica, gratuita, de calidad y aut\u00f3noma e inclusiva.<\/b><span style=\"font-size: 16px;\">\u00a0Desde entonces, est\u00e1 adherida a la Confederaci\u00f3n General del Trabajo (CGT).<\/span><\/span><\/p>\n<blockquote class=\"elementor-blockquote\">\n<p class=\"elementor-blockquote__content\"><span style=\"color: #000000;\">Desde la FEDUN, se busca fomentar el desarrollo de una red de interacci\u00f3n con los docentes nucleados en los gremios de base de las 57 universidades p\u00fablicas de todo el pa\u00eds, generando una sinergia que apunte a defender y reforzar el sistema universitario argentino.<\/span><\/p>\n<\/blockquote>\n<\/div>\n<\/div>\n<div class=\"elementor-element elementor-element-9b0b7d3 elementor-widget elementor-widget-text-editor\" data-id=\"9b0b7d3\" data-element_type=\"widget\" data-widget_type=\"text-editor.default\">\n<div class=\"elementor-widget-container\">\n<div class=\"elementor-text-editor elementor-clearfix\">\n<p><span style=\"color: #000000;\">El desarrollo, el impulso y el sostenimiento de una red de formaci\u00f3n permanente que permita a sus afiliados el acceso a una oferta de excelente nivel en forma libre, gratuita y con un fuerte compromiso social, es otro de los objetivos centrales de la FEDUN. Este mejoramiento en su acceso a la formaci\u00f3n, y la adquisici\u00f3n de mayores y mejores recursos para afrontar su carrera acad\u00e9mica, representa un cambio significativo en sus condiciones y medio ambiente de trabajo e impacta en su bienestar y en la mejora de la calidad acad\u00e9mica de las universidades.<\/span><\/p>\n<\/div>\n<\/div>\n<\/div>\n<div class=\"elementor-element elementor-element-192f005 elementor-blockquote--skin-border elementor-blockquote--button-color-official elementor-widget elementor-widget-blockquote\" data-id=\"192f005\" data-element_type=\"widget\" data-widget_type=\"blockquote.default\">\n<div class=\"elementor-widget-container\">\n<blockquote class=\"elementor-blockquote\">\n<p class=\"elementor-blockquote__content\"><span style=\"color: #000000;\">Entre los principales logros de la Federaci\u00f3n se encuentra la firma del primer Convenio Colectivo de Trabajo para Docentes Universitarios (CCT) en el a\u00f1o 2015, como fruto de la negociaci\u00f3n entre la FEDUN y las autoridades de las distintas universidades. A trav\u00e9s de este, los docentes se benefician con m\u00e1s derechos, m\u00e1s estabilidad y mejores condiciones laborales.<\/span><\/p>\n<\/blockquote>\n<\/div>\n<\/div>\n<div class=\"elementor-element elementor-element-705a452 elementor-widget elementor-widget-text-editor\" data-id=\"705a452\" data-element_type=\"widget\" data-widget_type=\"text-editor.default\">\n<div class=\"elementor-widget-container\">\n<div class=\"elementor-text-editor elementor-clearfix\">\n<p><span style=\"color: #000000;\">En lo que ata\u00f1e a la lucha de g\u00e9nero, la FEDUN entiende que es necesario apoyar y contribuir a las acciones que lleva adelante todo el colectivo feminista y LGBTIQ en la reivindicaci\u00f3n de derechos y la igualdad de g\u00e9nero. Por eso, fomenta en sus gremios de base la participaci\u00f3n activa para lograr la paridad de g\u00e9nero en todas las instancias de la comunidad acad\u00e9mica, en cada una de las universidades a lo largo y ancho del pa\u00eds.<\/span><\/p>\n<\/div>\n<\/div>\n<\/div>\n<div class=\"elementor-element elementor-element-b1b9455 elementor-blockquote--skin-border elementor-blockquote--button-color-official elementor-widget elementor-widget-blockquote\" data-id=\"b1b9455\" data-element_type=\"widget\" data-widget_type=\"blockquote.default\">\n<div class=\"elementor-widget-container\">\n<blockquote class=\"elementor-blockquote\">\n<p class=\"elementor-blockquote__content\"><span style=\"color: #000000;\">A lo largo de estos a\u00f1os, ha logrado grandes avances en esta materia, como la adhesi\u00f3n de la FEDUN a la Ley Micaela, que determina la capacitaci\u00f3n obligatoria en perspectiva de g\u00e9nero y da un trascendental paso en la construcci\u00f3n de universidades m\u00e1s igualitarias, y la incorporaci\u00f3n de cl\u00e1usulas en el CCT que promueven la igualdad de oportunidades.<\/span><\/p>\n<\/blockquote>\n<\/div>\n<\/div>\n<div class=\"elementor-element elementor-element-ef0ff25 elementor-widget elementor-widget-text-editor\" data-id=\"ef0ff25\" data-element_type=\"widget\" data-widget_type=\"text-editor.default\">\n<div class=\"elementor-widget-container\">\n<div class=\"elementor-text-editor elementor-clearfix\">\n<p><span style=\"color: #000000;\">En cuanto al fomento de la difusi\u00f3n de los trabajos acad\u00e9micos de los docentes, as\u00ed como de los materiales de C\u00e1tedra, se cre\u00f3 la Editorial FEDUN.<\/span><\/p>\n<\/div>\n<\/div>\n<\/div>\n<div class=\"elementor-element elementor-element-38b58cb elementor-blockquote--skin-border elementor-blockquote--button-color-official elementor-widget elementor-widget-blockquote\" data-id=\"38b58cb\" data-element_type=\"widget\" data-widget_type=\"blockquote.default\">\n<div class=\"elementor-widget-container\">\n<blockquote class=\"elementor-blockquote\">\n<p class=\"elementor-blockquote__content\"><span style=\"color: #000000;\">En 2010, con la FEDUN como principal impulsora, se crea la Federaci\u00f3n de Sindicatos de Docentes Universitarios de Am\u00e9rica del Sur (FESIDUAS), constituida por las organizaciones sindicales que representan a trabajadores y trabajadoras docentes de las Universidades de Am\u00e9rica del Sur. El secretario general de la FEDUN, Daniel Ricci, preside actualmente esta instituci\u00f3n.<\/span><\/p>\n<\/blockquote>\n<\/div>\n<\/div>\n<div class=\"elementor-element elementor-element-ff878dd elementor-widget elementor-widget-text-editor\" data-id=\"ff878dd\" data-element_type=\"widget\" data-widget_type=\"text-editor.default\">\n<div class=\"elementor-widget-container\">\n<div class=\"elementor-text-editor elementor-clearfix\">\n<p><span style=\"color: #000000;\">FESIDUAS apunta a hacer m\u00e1s fluida la relaci\u00f3n intersindical entre los pa\u00edses hermanos, para crear un frente de lucha que trascienda las fronteras de lo nacional y a\u00fane los esfuerzos ante los embates de los gobiernos antipopulares y crear un piso de garant\u00edas para todos los docentes del continente.<\/span><\/p>\n<p><span style=\"color: #000000;\">Como parte de su proyecto de federalizaci\u00f3n del sistema universitario, la FEDUN destina sus esfuerzos a desarrollar una red a nivel nacional que permita a todos sus gremios de base acceder a una serie de servicios, adaptados a las particularidades de cada universidad y de los afiliados de cada gremio. Entre estos servicios se cuentan la entrega anual de kits escolares gratuitos para los hijos de los docentes, pasajes a\u00e9reos y terrestres para congresos, paquetes de turismo, programas de formaci\u00f3n y asesoramiento gremial.<\/span><\/p>\n<p><span style=\"color: #000000;\">En materia social y cultural, la FEDUN se ha involucrado con el arduo trabajo de recuperaci\u00f3n del relato hist\u00f3rico de nuestro pa\u00eds, a trav\u00e9s del apoyo a las acciones de Abuelas de Plaza de Mayo, grandes luchadoras de nuestra historia, o la producci\u00f3n de bienes culturales tales como los documentales producidos por la FEDUN y que cuentan con la revisi\u00f3n hist\u00f3rica de Felipe Pigna, que no s\u00f3lo son \u00fatiles para entender el presente y proyectar nuestro futuro, sino como material did\u00e1ctico para los docentes, as\u00ed como tambi\u00e9n y recitales y espect\u00e1culos con reconocidos artistas del campo popular abiertos al p\u00fablico en general.<\/span><\/p>\n<p><span style=\"color: #000000;\">M\u00e1s informaci\u00f3n en <a href=\"https:\/\/fedun\">https:\/\/www.fedun.com.ar<\/a><\/span><\/p>\n<p>&nbsp;<\/p>\n<\/div>\n<p>&nbsp;<\/p>\n<div class=\"elementor-text-editor elementor-clearfix\">\n<p>&nbsp;<\/p>\n<\/div>\n<\/div>\n<\/div>\n","protected":false},"excerpt":{"rendered":"<p>En 2005, ante la necesidad de formar un nuevo espacio gremial que representara a los trabajadores docentes de todas las universidades p\u00fablicas, se crea la Federaci\u00f3n de Docentes de las Universidades (FEDUN), con el objetivo central de defender los derechos de los trabajadores docentes universitarios, sus salarios y la universidad p\u00fablica, gratuita, de calidad y [&hellip;]<\/p>\n","protected":false},"author":3,"featured_media":94,"parent":0,"menu_order":0,"comment_status":"closed","ping_status":"closed","template":"","meta":{"footnotes":""},"class_list":["post-337","page","type-page","status-publish","has-post-thumbnail","hentry"],"_links":{"self":[{"href":"https:\/\/cediunco.uncoma.edu.ar\/index.php\/wp-json\/wp\/v2\/pages\/337","targetHints":{"allow":["GET"]}}],"collection":[{"href":"https:\/\/cediunco.uncoma.edu.ar\/index.php\/wp-json\/wp\/v2\/pages"}],"about":[{"href":"https:\/\/cediunco.uncoma.edu.ar\/index.php\/wp-json\/wp\/v2\/types\/page"}],"author":[{"embeddable":true,"href":"https:\/\/cediunco.uncoma.edu.ar\/index.php\/wp-json\/wp\/v2\/users\/3"}],"replies":[{"embeddable":true,"href":"https:\/\/cediunco.uncoma.edu.ar\/index.php\/wp-json\/wp\/v2\/comments?post=337"}],"version-history":[{"count":7,"href":"https:\/\/cediunco.uncoma.edu.ar\/index.php\/wp-json\/wp\/v2\/pages\/337\/revisions"}],"predecessor-version":[{"id":403,"href":"https:\/\/cediunco.uncoma.edu.ar\/index.php\/wp-json\/wp\/v2\/pages\/337\/revisions\/403"}],"wp:featuredmedia":[{"embeddable":true,"href":"https:\/\/cediunco.uncoma.edu.ar\/index.php\/wp-json\/wp\/v2\/media\/94"}],"wp:attachment":[{"href":"https:\/\/cediunco.uncoma.edu.ar\/index.php\/wp-json\/wp\/v2\/media?parent=337"}],"curies":[{"name":"wp","href":"https:\/\/api.w.org\/{rel}","templated":true}]}}